{"id":14869,"date":"2014-05-20T07:51:11","date_gmt":"2014-05-20T07:51:11","guid":{"rendered":"http:\/\/demo.qodeinteractive.com\/bridge95\/?page_id=14869"},"modified":"2020-05-01T16:47:25","modified_gmt":"2020-05-01T14:47:25","slug":"home","status":"publish","type":"page","link":"https:\/\/mcexpertiseasesores.com\/","title":{"rendered":"Home"},"content":{"rendered":"<p>[vc_row css_animation=\u00bb\u00bb row_type=\u00bbrow\u00bb use_row_as_full_screen_section=\u00bbno\u00bb type=\u00bbfull_width\u00bb angled_section=\u00bbno\u00bb text_align=\u00bbleft\u00bb background_image_as_pattern=\u00bbwithout_pattern\u00bb][vc_column][layerslider_vc id=\u00bb1&#8243;][\/vc_column][\/vc_row][vc_row css_animation=\u00bbelement_from_fade\u00bb row_type=\u00bbrow\u00bb use_row_as_full_screen_section=\u00bbno\u00bb type=\u00bbgrid\u00bb angled_section=\u00bbno\u00bb text_align=\u00bbcenter\u00bb background_image_as_pattern=\u00bbwithout_pattern\u00bb background_color=\u00bb#f9f9f9&#8243; padding_top=\u00bb87&#8243; padding_bottom=\u00bb88&#8243; transition_delay=\u00bb150&#8243;][vc_column][vc_column_text]<\/p>\n<h4 style=\"text-align: center;\">Si eres un aut\u00f3nomo, tienes una peque\u00f1a o mediana empresa o eres un particular con necesidades de asesoramiento y planificaci\u00f3n fiscal, somos tu asesor\u00eda de confianza.<\/h4>\n<p>[\/vc_column_text][vc_separator type=\u00bbtransparent\u00bb up=\u00bb34&#8243; down=\u00bb0&#8243;]<a  itemprop=\"url\" href=\"https:\/\/mcexpertiseasesores.com\/index.php\/hazte-cliente\/\" target=\"_self\"  class=\"qbutton  default\" style=\"\">Hazte Cliente<\/a>[\/vc_column][\/vc_row][vc_row css_animation=\u00bb\u00bb row_type=\u00bbrow\u00bb use_row_as_full_screen_section=\u00bbno\u00bb type=\u00bbfull_width\u00bb angled_section=\u00bbno\u00bb text_align=\u00bbleft\u00bb background_image_as_pattern=\u00bbwithout_pattern\u00bb padding_bottom=\u00bb48&#8243; background_color=\u00bb#f9f9f9&#8243;][vc_column][qode_elements_holder background_color=\u00bb#f9f9f9&#8243; number_of_columns=\u00bbfour_columns\u00bb][qode_elements_holder_item advanced_animations=\u00bbno\u00bb][vc_single_image image=\u00bb15776&#8243; img_size=\u00bbfull\u00bb onclick=\u00bbcustom_link\u00bb qode_css_animation=\u00bbelement_from_fade\u00bb qode_hover_animation=\u00bbzoom_in\u00bb transition_delay=\u00bb0.2&#8243; link=\u00bbhttps:\/\/mcexpertiseasesores.com\/index.php\/pymes\/\u00bb][vc_separator type=\u00bbtransparent\u00bb up=\u00bb51&#8243; down=\u00bb0&#8243;][vc_column_text]<\/p>\n<h5 style=\"text-align: center;\"><a href=\"https:\/\/mcexpertiseasesores.com\/index.php\/pymes\/\" target=\"_blank\" rel=\"noopener noreferrer\">PYMES<\/a><\/h5>\n<p>[\/vc_column_text][vc_separator type=\u00bbtransparent\u00bb up=\u00bb26&#8243; down=\u00bb0&#8243;][vc_separator type=\u00bbtransparent\u00bb up=\u00bb40&#8243; down=\u00bb0&#8243;][\/qode_elements_holder_item][qode_elements_holder_item advanced_animations=\u00bbno\u00bb][vc_single_image image=\u00bb15785&#8243; img_size=\u00bbfull\u00bb onclick=\u00bbcustom_link\u00bb qode_css_animation=\u00bbelement_from_fade\u00bb qode_hover_animation=\u00bbzoom_in\u00bb transition_delay=\u00bb0.4&#8243; link=\u00bbhttps:\/\/mcexpertiseasesores.com\/index.php\/autonomos\/\u00bb][vc_separator type=\u00bbtransparent\u00bb up=\u00bb51&#8243; down=\u00bb0&#8243;][vc_column_text]<\/p>\n<h5 style=\"text-align: center;\"><a href=\"https:\/\/mcexpertiseasesores.com\/index.php\/autonomos\/\" target=\"_blank\" rel=\"noopener noreferrer\">Aut\u00f3nomos<\/a><\/h5>\n<p>[\/vc_column_text][vc_separator type=\u00bbtransparent\u00bb up=\u00bb26&#8243; down=\u00bb0&#8243;][vc_separator type=\u00bbtransparent\u00bb up=\u00bb40&#8243; down=\u00bb0&#8243;][\/qode_elements_holder_item][qode_elements_holder_item advanced_animations=\u00bbno\u00bb][vc_single_image image=\u00bb15778&#8243; img_size=\u00bbfull\u00bb onclick=\u00bbcustom_link\u00bb qode_css_animation=\u00bbelement_from_fade\u00bb qode_hover_animation=\u00bbzoom_in\u00bb transition_delay=\u00bb0.6&#8243; link=\u00bbhttps:\/\/mcexpertiseasesores.com\/index.php\/particulares\/\u00bb][vc_separator type=\u00bbtransparent\u00bb up=\u00bb51&#8243; down=\u00bb0&#8243;][vc_column_text]<\/p>\n<h5 style=\"text-align: center;\"><a href=\"https:\/\/mcexpertiseasesores.com\/index.php\/particulares\/\" target=\"_blank\" rel=\"noopener noreferrer\">Particulares<\/a><\/h5>\n<p>[\/vc_column_text][vc_separator type=\u00bbtransparent\u00bb up=\u00bb26&#8243; down=\u00bb0&#8243;][vc_separator type=\u00bbtransparent\u00bb up=\u00bb40&#8243; down=\u00bb0&#8243;][\/qode_elements_holder_item][qode_elements_holder_item advanced_animations=\u00bbno\u00bb][vc_single_image image=\u00bb15775&#8243; img_size=\u00bbfull\u00bb onclick=\u00bbcustom_link\u00bb qode_css_animation=\u00bbelement_from_fade\u00bb qode_hover_animation=\u00bbzoom_in\u00bb transition_delay=\u00bb0.8&#8243; link=\u00bbhttps:\/\/mcexpertiseasesores.com\/index.php\/aviso-legal\/\u00bb][vc_separator type=\u00bbtransparent\u00bb up=\u00bb51&#8243; down=\u00bb0&#8243;][vc_column_text]<\/p>\n<h5 style=\"text-align: center;\"><a href=\"https:\/\/mcexpertiseasesores.com\/index.php\/contacto\/\" target=\"_blank\" rel=\"noopener noreferrer\">Legal<\/a><\/h5>\n<p>[\/vc_column_text][vc_separator type=\u00bbtransparent\u00bb up=\u00bb26&#8243; down=\u00bb0&#8243;][vc_separator type=\u00bbtransparent\u00bb up=\u00bb40&#8243; down=\u00bb0&#8243;][\/qode_elements_holder_item][\/qode_elements_holder][\/vc_column][\/vc_row][vc_row css_animation=\u00bb\u00bb row_type=\u00bbrow\u00bb use_row_as_full_screen_section=\u00bbno\u00bb type=\u00bbgrid\u00bb angled_section=\u00bbno\u00bb text_align=\u00bbcenter\u00bb background_image_as_pattern=\u00bbwithout_pattern\u00bb padding_top=\u00bb86&#8243; padding_bottom=\u00bb40&#8243; el_class=\u00bbcustom-icon-styles\u00bb][vc_column][vc_row_inner row_type=\u00bbrow\u00bb type=\u00bbfull_width\u00bb text_align=\u00bbleft\u00bb css_animation=\u00bbelement_from_bottom\u00bb transition_delay=\u00bb150&#8243; padding_bottom=\u00bb75&#8243;][vc_column_inner][vc_column_text]<\/p>\n<h4 style=\"text-align: center;\">Somos una asesor\u00eda orientada a las necesidades de la nueva era digital.<\/h4>\n<h4 style=\"text-align: center;\">No solo te olvidar\u00e1s de tus obligaciones fiscales o contables, sino que dispondr\u00e1s de herramientas que aportar\u00e1n valor en tu d\u00eda a d\u00eda.<\/h4>\n<p>[\/vc_column_text][\/vc_column_inner][\/vc_row_inner][vc_row_inner row_type=\u00bbrow\u00bb type=\u00bbfull_width\u00bb text_align=\u00bbcenter\u00bb css_animation=\u00bbelement_from_bottom\u00bb transition_delay=\u00bb300&#8243;][vc_column_inner width=\u00bb1\/4&#8243;]<span data-type=\"circle\"   class=\"qode_icon_shortcode fa-stack q_font_awsome_icon_stack fa-lg  \" style=\"font-size: 30px;font-size: 70px; \"><a  itemprop=\"url\" href=\"#\" target=\"_self\"><i class=\"fa fa-circle fa-stack-base fa-stack-2x\" style=\"color: #f9f9f9;\"><\/i><i class=\"qode_icon_font_awesome fa fa-image qode_icon_element fa-stack-1x\" style=\"font-size: 30px;color: #856ba2;\" ><\/i><\/a><\/span>[vc_separator type=\u00bbtransparent\u00bb up=\u00bb34&#8243; down=\u00bb0&#8243;][vc_column_text]<\/p>\n<h5 style=\"text-align: center;\">Tecnolog\u00eda Clever Scan<\/h5>\n<p>[\/vc_column_text][vc_separator type=\u00bbtransparent\u00bb up=\u00bb25&#8243; down=\u00bb0&#8243;][vc_column_text]No utilices el esc\u00e1ner, sube tus gastos con una sencilla foto desde nuestra app m\u00f3vil.[\/vc_column_text][vc_separator type=\u00bbtransparent\u00bb up=\u00bb40&#8243; down=\u00bb0&#8243;][\/vc_column_inner][vc_column_inner width=\u00bb1\/4&#8243;]<span data-type=\"circle\"   class=\"qode_icon_shortcode fa-stack q_font_awsome_icon_stack fa-lg  \" style=\"font-size: 30px;font-size: 70px; \"><a  itemprop=\"url\" href=\"#\" target=\"_self\"><i class=\"fa fa-circle fa-stack-base fa-stack-2x\" style=\"color: #f9f9f9;\"><\/i><i class=\"qode_icon_font_awesome fa fa-file-text-o qode_icon_element fa-stack-1x\" style=\"font-size: 30px;color: #856ba2;\" ><\/i><\/a><\/span>[vc_separator type=\u00bbtransparent\u00bb up=\u00bb34&#8243; down=\u00bb0&#8243;][vc_column_text]<\/p>\n<h5>Facturaci\u00f3n digital<\/h5>\n<p>[\/vc_column_text][vc_separator type=\u00bbtransparent\u00bb up=\u00bb25&#8243; down=\u00bb0&#8243;][vc_column_text]Env\u00eda tus facturas personalizables a tus clientes directamente desde la aplicaci\u00f3n.[\/vc_column_text][vc_separator type=\u00bbtransparent\u00bb up=\u00bb40&#8243; down=\u00bb0&#8243;][\/vc_column_inner][vc_column_inner width=\u00bb1\/4&#8243;]<span data-type=\"circle\"   class=\"qode_icon_shortcode fa-stack q_font_awsome_icon_stack fa-lg  \" style=\"font-size: 30px;font-size: 70px; \"><a  itemprop=\"url\" href=\"#\" target=\"_self\"><i class=\"fa fa-circle fa-stack-base fa-stack-2x\" style=\"color: #f9f9f9;\"><\/i><i class=\"qode_icon_font_awesome fa fa-credit-card qode_icon_element fa-stack-1x\" style=\"font-size: 30px;color: #856ba2;\" ><\/i><\/a><\/span>[vc_separator type=\u00bbtransparent\u00bb up=\u00bb34&#8243; down=\u00bb0&#8243;][vc_column_text]<\/p>\n<h5>Tu banco online<\/h5>\n<p>[\/vc_column_text][vc_separator type=\u00bbtransparent\u00bb up=\u00bb25&#8243; down=\u00bb0&#8243;][vc_column_text]Con tan solo introducir tus credenciales, tendr\u00e1s tus movimientos bancarios volcados en nuestra aplicaci\u00f3n.[\/vc_column_text][vc_separator type=\u00bbtransparent\u00bb up=\u00bb40&#8243; down=\u00bb0&#8243;][\/vc_column_inner][vc_column_inner width=\u00bb1\/4&#8243;]<span data-type=\"circle\"   class=\"qode_icon_shortcode fa-stack q_font_awsome_icon_stack fa-lg  \" style=\"font-size: 45px;font-size: 70px; \"><a  itemprop=\"url\" href=\"#\" target=\"_self\"><i class=\"fa fa-circle fa-stack-base fa-stack-2x\" style=\"color: #f9f9f9;\"><\/i><i class=\"qode_icon_font_awesome fa fa-mobile qode_icon_element fa-stack-1x\" style=\"font-size: 45px;color: #856ba2;\" ><\/i><\/a><\/span>[vc_separator type=\u00bbtransparent\u00bb up=\u00bb34&#8243; down=\u00bb0&#8243;][vc_column_text]<\/p>\n<h5>Notificaciones 060<\/h5>\n<p>[\/vc_column_text][vc_separator type=\u00bbtransparent\u00bb up=\u00bb25&#8243; down=\u00bb0&#8243;][vc_column_text]Previsualiza a trav\u00e9s\u00a0 de nuestra app tus notificaciones de la Agencia Tributaria sin que comience a computar el plazo.[\/vc_column_text][vc_separator type=\u00bbtransparent\u00bb up=\u00bb40&#8243; down=\u00bb0&#8243;][\/vc_column_inner][\/vc_row_inner][\/vc_column][\/vc_row][vc_row css_animation=\u00bbelement_from_bottom\u00bb row_type=\u00bbrow\u00bb use_row_as_full_screen_section=\u00bbno\u00bb type=\u00bbgrid\u00bb angled_section=\u00bbno\u00bb text_align=\u00bbcenter\u00bb background_image_as_pattern=\u00bbwithout_pattern\u00bb background_color=\u00bb#f9f9f9&#8243; padding_top=\u00bb91&#8243; padding_bottom=\u00bb117&#8243; transition_delay=\u00bb150&#8243;][vc_column][vc_column_text]<\/p>\n<h2>Sencillo<\/h2>\n<p>[\/vc_column_text][vc_separator type=\u00bbtransparent\u00bb up=\u00bb29&#8243; down=\u00bb0&#8243;][vc_single_image image=\u00bb15284&#8243; img_size=\u00bbfull\u00bb alignment=\u00bbcenter\u00bb qode_css_animation=\u00bb\u00bb][vc_separator type=\u00bbtransparent\u00bb up=\u00bb52&#8243; down=\u00bb0&#8243;][vc_column_text]<\/p>\n<h4 style=\"text-align: center;\">Ponemos a tu disposici\u00f3n uno de los mejores software online del mercado, que te permitir\u00e1 ahorrar mucho tiempo en la relaci\u00f3n cliente-asesor, adem\u00e1s de tener el control de tu negocio con un solo clic.<\/h4>\n<p>[\/vc_column_text][vc_separator type=\u00bbtransparent\u00bb up=\u00bb40&#8243; down=\u00bb0&#8243;]<a  itemprop=\"url\" href=\"https:\/\/mcexpertiseasesores.com\/index.php\/hazte-cliente\/\" target=\"_self\"  class=\"qbutton  default\" style=\"margin: 0 5px 0 0; \">Hazte Cliente<\/a>[vc_separator type=\u00bbtransparent\u00bb up=\u00bb25&#8243; down=\u00bb0&#8243;][\/vc_column][\/vc_row][vc_row css_animation=\u00bbelement_from_bottom\u00bb row_type=\u00bbrow\u00bb use_row_as_full_screen_section=\u00bbno\u00bb type=\u00bbgrid\u00bb angled_section=\u00bbno\u00bb text_align=\u00bbcenter\u00bb background_image_as_pattern=\u00bbwithout_pattern\u00bb background_color=\u00bb#67407f\u00bb padding_top=\u00bb87&#8243; padding_bottom=\u00bb88&#8243; transition_delay=\u00bb150&#8243; z_index=\u00bb\u00bb][vc_column][vc_column_text]<\/p>\n<h4 style=\"text-align: center; color: white;\">En Expertise encontrar\u00e1s una asesor\u00eda integral a tu medida, con atenci\u00f3n personalizada, un servicio claro, r\u00e1pido, sencillo y eficaz.<\/h4>\n<p>[\/vc_column_text][\/vc_column][\/vc_row][vc_row css_animation=\u00bb\u00bb row_type=\u00bbrow\u00bb use_row_as_full_screen_section=\u00bbno\u00bb type=\u00bbfull_width\u00bb angled_section=\u00bbno\u00bb text_align=\u00bbleft\u00bb background_image_as_pattern=\u00bbwithout_pattern\u00bb el_class=\u00bbhome_image_txt_over\u00bb][vc_column][qode_elements_holder number_of_columns=\u00bbtwo_columns\u00bb][qode_elements_holder_item advanced_animations=\u00bbno\u00bb item_padding=\u00bb0 0 0 0&#8243;]<div class=\"q_image_with_text_over\"><div class=\"shader\" style = \"background-color: rgba(255,255,255,0.4)\"><\/div><img itemprop=\"image\" src=\"https:\/\/mcexpertiseasesores.com\/wp-content\/uploads\/2014\/05\/banner_1.jpg\" alt=\"Conoce m\u00e1s sobre Expertise\" \/><div class=\"text\"><table><tr><td><i class=\"qode_icon_font_awesome fa fa-building-o icon_holder fa-3x\" style=\"color: #67407f;border-color: rgba(103,64,127,0.6);\" ><\/i><h4 class=\"caption \" style=\"color: #2f2f30;\">Conoce m\u00e1s sobre Expertise<\/h4><\/td><\/tr><\/table><table><tr><td><div class=\"desc\"><a  itemprop=\"url\" href=\"https:\/\/mcexpertiseasesores.com\/nuestra-asesoria\/\" target=\"_self\"  class=\"qbutton  default\" style=\"\">Nuestra Asesor\u00eda<\/a><\/div><\/td><\/tr><\/table><\/div><\/div>[\/qode_elements_holder_item][qode_elements_holder_item advanced_animations=\u00bbno\u00bb item_padding=\u00bb0 0 0 0&#8243;]<div class=\"q_image_with_text_over\"><div class=\"shader\" style = \"background-color: rgba(255,255,255,0.4)\"><\/div><img itemprop=\"image\" src=\"https:\/\/mcexpertiseasesores.com\/wp-content\/uploads\/2014\/05\/banner_2.jpg\" alt=\"Contacta con nosotros\" \/><div class=\"text\"><table><tr><td><i class=\"qode_icon_font_awesome fa fa-envelope-o icon_holder fa-3x\" style=\"color: #67407f;border-color: rgba(103,64,127,0.6);\" ><\/i><h4 class=\"caption \" style=\"color: #2f2f30;\">Contacta con nosotros<\/h4><\/td><\/tr><\/table><table><tr><td><div class=\"desc\"><a  itemprop=\"url\" href=\"https:\/\/mcexpertiseasesores.com\/contacto\/\" target=\"_self\"  class=\"qbutton  default\" style=\"\">Contacto<\/a><\/div><\/td><\/tr><\/table><\/div><\/div>[\/qode_elements_holder_item][\/qode_elements_holder][\/vc_column][\/vc_row]<\/p>\n","protected":false},"excerpt":{"rendered":"<p>[vc_row css_animation=\u00bb\u00bb row_type=\u00bbrow\u00bb use_row_as_full_screen_section=\u00bbno\u00bb type=\u00bbfull_width\u00bb angled_section=\u00bbno\u00bb text_align=\u00bbleft\u00bb background_image_as_pattern=\u00bbwithout_pattern\u00bb][vc_column][layerslider_vc id=\u00bb1&#8243;][\/vc_column][\/vc_row][vc_row css_animation=\u00bbelement_from_fade\u00bb row_type=\u00bbrow\u00bb use_row_as_full_screen_section=\u00bbno\u00bb type=\u00bbgrid\u00bb angled_section=\u00bbno\u00bb text_align=\u00bbcenter\u00bb background_image_as_pattern=\u00bbwithout_pattern\u00bb background_color=\u00bb#f9f9f9&#8243; padding_top=\u00bb87&#8243; padding_bottom=\u00bb88&#8243; transition_delay=\u00bb150&#8243;][vc_column][vc_column_text] Si eres un aut\u00f3nomo, tienes una peque\u00f1a o mediana empresa o eres un particular con necesidades de asesoramiento y planificaci\u00f3n fiscal, somos tu asesor\u00eda de&#8230;<\/p>\n","protected":false},"author":1,"featured_media":0,"parent":0,"menu_order":0,"comment_status":"open","ping_status":"open","template":"full_width.php","meta":{"spay_email":""},"_links":{"self":[{"href":"https:\/\/mcexpertiseasesores.com\/index.php\/wp-json\/wp\/v2\/pages\/14869"}],"collection":[{"href":"https:\/\/mcexpertiseasesores.com\/index.php\/wp-json\/wp\/v2\/pages"}],"about":[{"href":"https:\/\/mcexpertiseasesores.com\/index.php\/wp-json\/wp\/v2\/types\/page"}],"author":[{"embeddable":true,"href":"https:\/\/mcexpertiseasesores.com\/index.php\/wp-json\/wp\/v2\/users\/1"}],"replies":[{"embeddable":true,"href":"https:\/\/mcexpertiseasesores.com\/index.php\/wp-json\/wp\/v2\/comments?post=14869"}],"version-history":[{"count":48,"href":"https:\/\/mcexpertiseasesores.com\/index.php\/wp-json\/wp\/v2\/pages\/14869\/revisions"}],"predecessor-version":[{"id":15858,"href":"https:\/\/mcexpertiseasesores.com\/index.php\/wp-json\/wp\/v2\/pages\/14869\/revisions\/15858"}],"wp:attachment":[{"href":"https:\/\/mcexpertiseasesores.com\/index.php\/wp-json\/wp\/v2\/media?parent=14869"}],"curies":[{"name":"wp","href":"https:\/\/api.w.org\/{rel}","templated":true}]}}