{"id":15338,"date":"2015-05-08T07:24:24","date_gmt":"2015-05-08T07:24:24","guid":{"rendered":"http:\/\/demo.qodeinteractive.com\/bridge95\/?page_id=15338"},"modified":"2020-04-26T21:07:58","modified_gmt":"2020-04-26T19:07:58","slug":"nuestra-asesoria","status":"publish","type":"page","link":"https:\/\/mcexpertiseasesores.com\/index.php\/nuestra-asesoria\/","title":{"rendered":"Nuestra Asesor\u00eda"},"content":{"rendered":"<p>[vc_row css_animation=\u00bb\u00bb row_type=\u00bbrow\u00bb use_row_as_full_screen_section=\u00bbno\u00bb type=\u00bbgrid\u00bb angled_section=\u00bbno\u00bb text_align=\u00bbleft\u00bb background_image_as_pattern=\u00bbwithout_pattern\u00bb padding_top=\u00bb85&#8243; padding_bottom=\u00bb47&#8243;][vc_column width=\u00bb1\/2&#8243;][vc_column_text]<\/p>\n<h3>Bienvenido<\/h3>\n<p>[\/vc_column_text][vc_separator type=\u00bbtransparent\u00bb up=\u00bb29&#8243; down=\u00bb0&#8243;][vc_column_text]Expertise Asesores nace para dar respuesta a la necesidad de las empresas, aut\u00f3nomos y particulares de tener digitalizado el contacto con tu asesor, y tener acceso a toda la informac\u00f3n y estado de tu negocio con un s\u00f3lo clic . De esta manera, creamos un servicio mucho m\u00e1s r\u00e1pido, profesional y econ\u00f3mico para empresarios aut\u00f3nomos y Pymes.<\/p>\n<p>&nbsp;<\/p>\n<p>Somos un equipo formado por profesionales expertos y con amplia experiencia en asesor\u00eda y gesti\u00f3n fiscal, contable, laboral y jur\u00eddica. No s\u00f3lo aunamos los valores de una asesor\u00eda tradicional, sino que incorporamos las ventajas de las nuevas tecnolog\u00edas que representan un valor a\u00f1adido para tu negocio.[\/vc_column_text][vc_separator type=\u00bbtransparent\u00bb up=\u00bb37&#8243; down=\u00bb0&#8243;]<a  itemprop=\"url\" href=\"https:\/\/mcexpertiseasesores.com\/index.php\/contacto\/\" target=\"_self\"  class=\"qbutton  default\" style=\"\">Contacto<\/a>[vc_separator type=\u00bbtransparent\u00bb up=\u00bb40&#8243; down=\u00bb0&#8243;][\/vc_column][vc_column width=\u00bb1\/2&#8243;][vc_empty_space height=\u00bb60px\u00bb]<div class='q_progress_bar'><h5 class='progress_title_holder clearfix' style=''><span class='progress_title'><span>Necesidad de asesoramiento presencial<\/span><\/span><span class='progress_number' style='color: #000000;font-size: 17px;font-weight: 300;'><span>0<\/span>%<\/span><\/h5><div class='progress_content_outer' style='height: 16px;background-color: #f2f2f2;'><div data-percentage='5' class='progress_content' style='height: 16px;background-color: #846ba2;'><\/div><\/div><\/div><div class='q_progress_bar'><h5 class='progress_title_holder clearfix' style=''><span class='progress_title'><span>Infracciones fiscales por falta de asesoramiento<\/span><\/span><span class='progress_number' style='color: #000000;font-size: 17px;font-weight: 300;'><span>0<\/span>%<\/span><\/h5><div class='progress_content_outer' style='height: 16px;background-color: #f2f2f2;'><div data-percentage='50' class='progress_content' style='height: 16px;background-color: #846ba2;'><\/div><\/div><\/div><div class='q_progress_bar'><h5 class='progress_title_holder clearfix' style=''><span class='progress_title'><span>Planificaci\u00f3n fiscal adaptada al cliente<\/span><\/span><span class='progress_number' style='color: #000000;font-size: 17px;font-weight: 300;'><span>0<\/span>%<\/span><\/h5><div class='progress_content_outer' style='height: 16px;background-color: #f2f2f2;'><div data-percentage='80' class='progress_content' style='height: 16px;background-color: #846ba2;'><\/div><\/div><\/div><div class='q_progress_bar'><h5 class='progress_title_holder clearfix' style=''><span class='progress_title'><span>Satisfacci\u00f3n del cliente<\/span><\/span><span class='progress_number' style='color: #000000;font-size: 17px;font-weight: 300;'><span>0<\/span>%<\/span><\/h5><div class='progress_content_outer' style='height: 16px;background-color: #f2f2f2;'><div data-percentage='94' class='progress_content' style='height: 16px;background-color: #846ba2;'><\/div><\/div><\/div>[\/vc_column][\/vc_row][vc_row css_animation=\u00bb\u00bb row_type=\u00bbrow\u00bb use_row_as_full_screen_section=\u00bbno\u00bb type=\u00bbfull_width\u00bb angled_section=\u00bbno\u00bb text_align=\u00bbleft\u00bb background_image_as_pattern=\u00bbwithout_pattern\u00bb padding_bottom=\u00bb48&#8243; background_color=\u00bb#f9f9f9&#8243;][vc_column][qode_elements_holder background_color=\u00bb#f9f9f9&#8243; number_of_columns=\u00bbfour_columns\u00bb][qode_elements_holder_item advanced_animations=\u00bbno\u00bb][vc_single_image image=\u00bb15776&#8243; img_size=\u00bbfull\u00bb qode_css_animation=\u00bbelement_from_fade\u00bb qode_hover_animation=\u00bbzoom_in\u00bb transition_delay=\u00bb0.2&#8243;][vc_separator type=\u00bbtransparent\u00bb up=\u00bb51&#8243; down=\u00bb0&#8243;][vc_column_text]<\/p>\n<h5 style=\"text-align: center;\"><a href=\"https:\/\/mcexpertiseasesores.com\/index.php\/pymes\/\" target=\"_blank\" rel=\"noopener noreferrer\">PYMES<\/a><\/h5>\n<p>[\/vc_column_text][vc_separator type=\u00bbtransparent\u00bb up=\u00bb26&#8243; down=\u00bb0&#8243;][vc_separator type=\u00bbtransparent\u00bb up=\u00bb40&#8243; down=\u00bb0&#8243;][\/qode_elements_holder_item][qode_elements_holder_item advanced_animations=\u00bbno\u00bb][vc_single_image image=\u00bb15785&#8243; img_size=\u00bbfull\u00bb qode_css_animation=\u00bbelement_from_fade\u00bb qode_hover_animation=\u00bbzoom_in\u00bb transition_delay=\u00bb0.4&#8243;][vc_separator type=\u00bbtransparent\u00bb up=\u00bb51&#8243; down=\u00bb0&#8243;][vc_column_text]<\/p>\n<h5 style=\"text-align: center;\"><a href=\"https:\/\/mcexpertiseasesores.com\/index.php\/autonomos\/\">Aut\u00f3nomos<\/a><\/h5>\n<p>[\/vc_column_text][vc_separator type=\u00bbtransparent\u00bb up=\u00bb26&#8243; down=\u00bb0&#8243;][vc_separator type=\u00bbtransparent\u00bb up=\u00bb40&#8243; down=\u00bb0&#8243;][\/qode_elements_holder_item][qode_elements_holder_item advanced_animations=\u00bbno\u00bb][vc_single_image image=\u00bb15778&#8243; img_size=\u00bbfull\u00bb qode_css_animation=\u00bbelement_from_fade\u00bb qode_hover_animation=\u00bbzoom_in\u00bb transition_delay=\u00bb0.6&#8243;][vc_separator type=\u00bbtransparent\u00bb up=\u00bb51&#8243; down=\u00bb0&#8243;][vc_column_text]<\/p>\n<h5 style=\"text-align: center;\"><a href=\"https:\/\/mcexpertiseasesores.com\/index.php\/particulares\/\" target=\"_blank\" rel=\"noopener noreferrer\">Particulares<\/a><\/h5>\n<p>[\/vc_column_text][vc_separator type=\u00bbtransparent\u00bb up=\u00bb26&#8243; down=\u00bb0&#8243;][vc_separator type=\u00bbtransparent\u00bb up=\u00bb40&#8243; down=\u00bb0&#8243;][\/qode_elements_holder_item][qode_elements_holder_item advanced_animations=\u00bbno\u00bb][vc_single_image image=\u00bb15775&#8243; img_size=\u00bbfull\u00bb qode_css_animation=\u00bbelement_from_fade\u00bb qode_hover_animation=\u00bbzoom_in\u00bb transition_delay=\u00bb0.8&#8243;][vc_separator type=\u00bbtransparent\u00bb up=\u00bb51&#8243; down=\u00bb0&#8243;][vc_column_text]<\/p>\n<h5 style=\"text-align: center;\"><a href=\"https:\/\/mcexpertiseasesores.com\/index.php\/aviso-legal\/\" target=\"_blank\" rel=\"noopener noreferrer\">Legal<\/a><\/h5>\n<p>[\/vc_column_text][vc_separator type=\u00bbtransparent\u00bb up=\u00bb26&#8243; down=\u00bb0&#8243;][vc_separator type=\u00bbtransparent\u00bb up=\u00bb40&#8243; down=\u00bb0&#8243;][\/qode_elements_holder_item][\/qode_elements_holder][\/vc_column][vc_column][vc_gmaps link=\u00bb#E-8_JTNDaWZyYW1lJTIwc3JjJTNEJTIyaHR0cHMlM0ElMkYlMkZ3d3cuZ29vZ2xlLmNvbSUyRm1hcHMlMkZlbWJlZCUzRnBiJTNEJTIxMW0xOCUyMTFtMTIlMjExbTMlMjExZDMwMzUuNDI2NTI1NjYzOTc2NSUyMTJkLTMuNjkzMDQ5Mjg0MjIzNDE5MyUyMTNkNDAuNDY1ODI4MDYwNTc1MjA1JTIxMm0zJTIxMWYwJTIxMmYwJTIxM2YwJTIxM20yJTIxMWkxMDI0JTIxMmk3NjglMjE0ZjEzLjElMjEzbTMlMjExbTIlMjExczB4ZDQyMjkxMDQ0YTUwNzBmJTI1M0EweDkxYmZmOWFkNzFiYmU5YTIlMjEyc0NhbGxlJTJCZGUlMkJCcmF2byUyQk11cmlsbG8lMjUyQyUyQjM3NyUyNTJDJTJCMjgwMjAlMkJNYWRyaWQlMjE1ZTAlMjEzbTIlMjExc2VzJTIxMnNlcyUyMTR2MTU2NTAwMzMzMTY5NiUyMTVtMiUyMTFzZXMlMjEyc2VzJTIyJTIwd2lkdGglM0QlMjI2MDAlMjIlMjBoZWlnaHQlM0QlMjI0NTAlMjIlMjBmcmFtZWJvcmRlciUzRCUyMjAlMjIlMjBzdHlsZSUzRCUyMmJvcmRlciUzQTAlMjIlMjBhbGxvd2Z1bGxzY3JlZW4lM0UlM0MlMkZpZnJhbWUlM0U=\u00bb css_animation=\u00bblightSpeedIn\u00bb title=\u00bbOficina\u00bb][\/vc_column][\/vc_row][vc_row css_animation=\u00bbelement_from_fade\u00bb row_type=\u00bbrow\u00bb use_row_as_full_screen_section=\u00bbno\u00bb type=\u00bbgrid\u00bb angled_section=\u00bbno\u00bb text_align=\u00bbcenter\u00bb background_image_as_pattern=\u00bbwithout_pattern\u00bb background_color=\u00bb#f9f9f9&#8243; padding_top=\u00bb87&#8243; padding_bottom=\u00bb88&#8243; transition_delay=\u00bb150&#8243;][vc_column][vc_separator type=\u00bbtransparent\u00bb up=\u00bb34&#8243; down=\u00bb0&#8243;]<a  itemprop=\"url\" href=\"https:\/\/mcexpertiseasesores.com\/index.php\/hazte-cliente\/\" target=\"_self\"  class=\"qbutton  default\" style=\"\">Hazte Cliente<\/a>[\/vc_column][\/vc_row]<\/p>\n","protected":false},"excerpt":{"rendered":"<p>[vc_row css_animation=\u00bb\u00bb row_type=\u00bbrow\u00bb use_row_as_full_screen_section=\u00bbno\u00bb type=\u00bbgrid\u00bb angled_section=\u00bbno\u00bb text_align=\u00bbleft\u00bb background_image_as_pattern=\u00bbwithout_pattern\u00bb padding_top=\u00bb85&#8243; padding_bottom=\u00bb47&#8243;][vc_column width=\u00bb1\/2&#8243;][vc_column_text] Bienvenido [\/vc_column_text][vc_separator type=\u00bbtransparent\u00bb up=\u00bb29&#8243; down=\u00bb0&#8243;][vc_column_text]Expertise Asesores nace para dar respuesta a la necesidad de las empresas, aut\u00f3nomos y particulares de tener digitalizado el contacto con tu asesor, y tener acceso a toda la informac\u00f3n&#8230;<\/p>\n","protected":false},"author":1,"featured_media":0,"parent":0,"menu_order":0,"comment_status":"open","ping_status":"open","template":"full_width.php","meta":{"spay_email":""},"_links":{"self":[{"href":"https:\/\/mcexpertiseasesores.com\/index.php\/wp-json\/wp\/v2\/pages\/15338"}],"collection":[{"href":"https:\/\/mcexpertiseasesores.com\/index.php\/wp-json\/wp\/v2\/pages"}],"about":[{"href":"https:\/\/mcexpertiseasesores.com\/index.php\/wp-json\/wp\/v2\/types\/page"}],"author":[{"embeddable":true,"href":"https:\/\/mcexpertiseasesores.com\/index.php\/wp-json\/wp\/v2\/users\/1"}],"replies":[{"embeddable":true,"href":"https:\/\/mcexpertiseasesores.com\/index.php\/wp-json\/wp\/v2\/comments?post=15338"}],"version-history":[{"count":23,"href":"https:\/\/mcexpertiseasesores.com\/index.php\/wp-json\/wp\/v2\/pages\/15338\/revisions"}],"predecessor-version":[{"id":15824,"href":"https:\/\/mcexpertiseasesores.com\/index.php\/wp-json\/wp\/v2\/pages\/15338\/revisions\/15824"}],"wp:attachment":[{"href":"https:\/\/mcexpertiseasesores.com\/index.php\/wp-json\/wp\/v2\/media?parent=15338"}],"curies":[{"name":"wp","href":"https:\/\/api.w.org\/{rel}","templated":true}]}}