{"id":15366,"date":"2015-05-08T08:35:21","date_gmt":"2015-05-08T08:35:21","guid":{"rendered":"http:\/\/demo.qodeinteractive.com\/bridge95\/?page_id=15366"},"modified":"2020-04-26T20:59:06","modified_gmt":"2020-04-26T18:59:06","slug":"pymes","status":"publish","type":"page","link":"https:\/\/mcexpertiseasesores.com\/index.php\/pymes\/","title":{"rendered":"Pymes"},"content":{"rendered":"<p>[vc_row css_animation=\u00bbelement_from_fade\u00bb row_type=\u00bbrow\u00bb use_row_as_full_screen_section=\u00bbno\u00bb type=\u00bbgrid\u00bb angled_section=\u00bbno\u00bb text_align=\u00bbcenter\u00bb background_image_as_pattern=\u00bbwithout_pattern\u00bb background_color=\u00bb#f9f9f9&#8243; padding_top=\u00bb87&#8243; padding_bottom=\u00bb88&#8243; transition_delay=\u00bb150&#8243;][vc_column][vc_column_text]<\/p>\n<h4 style=\"text-align: center;\">Expertise Asesores quiere que tu empresa tenga todas las obligaciones fiscales, contables, y laborales cubiertas, sin tener que quitarte tiempo y ofreci\u00e9ndote uno de los mejores sofware online de gesti\u00f3n econ\u00f3mica del mercado.<\/h4>\n<div class=\"yj6qo ajU\"><\/div>\n<p>[\/vc_column_text][vc_separator type=\u00bbtransparent\u00bb up=\u00bb34&#8243; down=\u00bb0&#8243;]<a  itemprop=\"url\" href=\"https:\/\/mcexpertiseasesores.com\/index.php\/hazte-cliente\/\" target=\"_self\"  class=\"qbutton  default\" style=\"\">Hazte Cliente<\/a>[\/vc_column][\/vc_row][vc_row row_type=\u00bbparallax\u00bb parallax_content_width=\u00bbfull_width\u00bb text_align=\u00bbcenter\u00bb full_screen_section_height=\u00bbno\u00bb background_image=\u00bb15730&#8243; section_height=\u00bb470&#8243;][vc_column width=\u00bb1\/4&#8243;][vc_row_inner row_type=\u00bbrow\u00bb type=\u00bbfull_width\u00bb text_align=\u00bbleft\u00bb css_animation=\u00bbelement_from_fade\u00bb transition_delay=\u00bb200&#8243;][vc_column_inner][vc_separator type=\u00bbtransparent\u00bb up=\u00bb120&#8243; down=\u00bb0&#8243;]<div class=\"q_counter_holder  center\" style=\"\"><span class=\"counter  zero\" style=\"color: #ffffff;font-weight: Default;\">5<\/span><p class=\"counter_text\" style=\"font-weight: Default;color: #ffffff;\">Agencias Tributarias<\/p><\/div>[\/vc_column_inner][\/vc_row_inner][\/vc_column][vc_column width=\u00bb1\/4&#8243;][vc_row_inner row_type=\u00bbrow\u00bb type=\u00bbfull_width\u00bb text_align=\u00bbleft\u00bb css_animation=\u00bbelement_from_fade\u00bb transition_delay=\u00bb400&#8243;][vc_column_inner][vc_separator type=\u00bbtransparent\u00bb up=\u00bb120&#8243; down=\u00bb0&#8243;]<div class=\"q_counter_holder  center\" style=\"\"><span class=\"counter  zero\" style=\"color: #ffffff;font-weight: Default;\">24<\/span><p class=\"counter_text\" style=\"font-weight: Default;color: #ffffff;\">Horas de disponibilidad online<\/p><\/div>[\/vc_column_inner][\/vc_row_inner][\/vc_column][vc_column width=\u00bb1\/4&#8243;][vc_row_inner row_type=\u00bbrow\u00bb type=\u00bbfull_width\u00bb text_align=\u00bbleft\u00bb css_animation=\u00bbelement_from_fade\u00bb transition_delay=\u00bb600&#8243;][vc_column_inner][vc_separator type=\u00bbtransparent\u00bb up=\u00bb120&#8243; down=\u00bb0&#8243;]<div class=\"q_counter_holder  center\" style=\"\"><span class=\"counter  zero\" style=\"color: #ffffff;font-weight: Default;\">50<\/span><p class=\"counter_text\" style=\"font-weight: Default;color: #ffffff;\">Provincias con servicio<\/p><\/div>[\/vc_column_inner][\/vc_row_inner][\/vc_column][vc_column width=\u00bb1\/4&#8243;][vc_row_inner row_type=\u00bbrow\u00bb type=\u00bbfull_width\u00bb text_align=\u00bbleft\u00bb css_animation=\u00bbelement_from_fade\u00bb transition_delay=\u00bb800&#8243;][vc_column_inner][vc_separator type=\u00bbtransparent\u00bb up=\u00bb120&#8243; down=\u00bb0&#8243;]<div class=\"q_counter_holder  center\" style=\"\"><span class=\"counter  zero\" style=\"color: #ffffff;font-weight: Default;\">210<\/span><p class=\"counter_text\" style=\"font-weight: Default;color: #ffffff;\">Modelos Tributarios<\/p><\/div>[\/vc_column_inner][\/vc_row_inner][\/vc_column][\/vc_row][vc_row css_animation=\u00bb\u00bb row_type=\u00bbrow\u00bb use_row_as_full_screen_section=\u00bbno\u00bb type=\u00bbgrid\u00bb angled_section=\u00bbno\u00bb text_align=\u00bbleft\u00bb background_image_as_pattern=\u00bbwithout_pattern\u00bb padding_top=\u00bb84&#8243; padding_bottom=\u00bb45&#8243;][vc_column][vc_column_text]<\/p>\n<h3 style=\"text-align: center;\">Qu\u00e9 podemos hacer por ti<\/h3>\n<p>[\/vc_column_text][vc_separator type=\u00bbtransparent\u00bb up=\u00bb60&#8243; down=\u00bb0&#8243;][vc_row_inner row_type=\u00bbrow\u00bb type=\u00bbfull_width\u00bb text_align=\u00bbleft\u00bb css_animation=\u00bbelement_from_bottom\u00bb transition_delay=\u00bb150&#8243;][vc_column_inner width=\u00bb1\/3&#8243;]<div class='q_icon_with_title tiny normal_icon '><div class=\"icon_holder q_icon_animation\" style=\" transition-delay: 200ms; -webkit-transition-delay: 200ms; -moz-transition-delay: 200ms; -o-transition-delay: 200ms;\"><span data-icon-type=\"normal\"   style=\"font-size: 25px;\" class=\"qode_iwt_icon_holder q_font_awsome_icon fa-lg  \"><i class=\"qode_icon_font_awesome fa fa-laptop qode_iwt_icon_element\" style=\"color: #846ba2;\" ><\/i><\/span><\/div><div class=\"icon_text_holder\" style=\"padding-left:58px;\"><div class=\"icon_text_inner\" style=\"\"><h5 class=\"icon_title\" style=\"\">Herramienta de Gesti\u00f3n Econ\u00f3mica<\/h5><p style=''>No solamente dispondr\u00e1s de una herramienta que pone en contacto al cliente con tu asesor, si no que adem\u00e1s te aportar\u00e1 multitud de utilidades para t\u00ed y tu empresa.<\/p><\/div><\/div><\/div>[vc_separator type=\u00bbtransparent\u00bb up=\u00bb43&#8243; down=\u00bb0&#8243;][\/vc_column_inner][vc_column_inner width=\u00bb1\/3&#8243;]<div class='q_icon_with_title tiny normal_icon '><div class=\"icon_holder q_icon_animation\" style=\" transition-delay: 400ms; -webkit-transition-delay: 400ms; -moz-transition-delay: 400ms; -o-transition-delay: 400ms;\"><span data-icon-type=\"normal\"   style=\"font-size: 25px;\" class=\"qode_iwt_icon_holder q_font_awsome_icon fa-lg  \"><i class=\"qode_icon_font_awesome fa fa-paper-plane qode_iwt_icon_element\" style=\"color: #846ba2;\" ><\/i><\/span><\/div><div class=\"icon_text_holder\" style=\"padding-left:58px;\"><div class=\"icon_text_inner\" style=\"\"><h5 class=\"icon_title\" style=\"\">Alta Censal (AEAT)<\/h5><p style=''>Damos de Alta a tu entidad telem\u00e1ticamente en un plazo muy breve, teniendo en cuenta el tipo de actividad que pretendes desarrollar, as\u00ed como los requisitos necesarios para su puesta en marcha.<\/p><\/div><\/div><\/div>[vc_separator type=\u00bbtransparent\u00bb up=\u00bb43&#8243; down=\u00bb0&#8243;][\/vc_column_inner][vc_column_inner width=\u00bb1\/3&#8243;]<div class='q_icon_with_title tiny normal_icon '><div class=\"icon_holder q_icon_animation\" style=\" transition-delay: 600ms; -webkit-transition-delay: 600ms; -moz-transition-delay: 600ms; -o-transition-delay: 600ms;\"><span data-icon-type=\"normal\"   style=\"font-size: 25px;\" class=\"qode_iwt_icon_holder q_font_awsome_icon fa-lg  \"><i class=\"qode_icon_font_awesome fa fa-briefcase qode_iwt_icon_element\" style=\"color: #846ba2;\" ><\/i><\/span><\/div><div class=\"icon_text_holder\" style=\"padding-left:58px;\"><div class=\"icon_text_inner\" style=\"\"><h5 class=\"icon_title\" style=\"\">Asesor\u00eda Contable<\/h5><p style=''>Actualizaci\u00f3n, confecci\u00f3n y custodia de tus libros contables. Compatibilidad seg\u00fan el PGC que te aplique.<\/p><\/div><\/div><\/div>[vc_separator type=\u00bbtransparent\u00bb up=\u00bb43&#8243; down=\u00bb0&#8243;][\/vc_column_inner][\/vc_row_inner][vc_row_inner row_type=\u00bbrow\u00bb type=\u00bbfull_width\u00bb text_align=\u00bbleft\u00bb css_animation=\u00bbelement_from_bottom\u00bb transition_delay=\u00bb300&#8243;][vc_column_inner width=\u00bb1\/3&#8243;]<div class='q_icon_with_title tiny normal_icon '><div class=\"icon_holder q_icon_animation\" style=\" transition-delay: 700ms; -webkit-transition-delay: 700ms; -moz-transition-delay: 700ms; -o-transition-delay: 700ms;\"><span data-icon-type=\"normal\"   style=\"font-size: 25px;\" class=\"qode_iwt_icon_holder q_font_awsome_icon fa-lg  \"><i class=\"qode_icon_font_awesome fa fa-gavel qode_iwt_icon_element\" style=\"color: #846ba2;\" ><\/i><\/span><\/div><div class=\"icon_text_holder\" style=\"padding-left:58px;\"><div class=\"icon_text_inner\" style=\"\"><h5 class=\"icon_title\" style=\"\">Asesor\u00eda Fiscal<\/h5><p style=''>Planificaci\u00f3n fiscal en funci\u00f3n de la actividad que desarrolla tu empresa. Estudio y aplicaci\u00f3n de los incentivos y deducciones fiscales. C\u00e1lculo y presentaci\u00f3n de todos los modelos tributarios a los que la entidad est\u00e9 obligada.<\/p><\/div><\/div><\/div>[vc_separator type=\u00bbtransparent\u00bb up=\u00bb43&#8243; down=\u00bb0&#8243;][\/vc_column_inner][vc_column_inner width=\u00bb1\/3&#8243;]<div class='q_icon_with_title tiny normal_icon '><div class=\"icon_holder q_icon_animation\" style=\" transition-delay: 900ms; -webkit-transition-delay: 900ms; -moz-transition-delay: 900ms; -o-transition-delay: 900ms;\"><span data-icon-type=\"normal\"   style=\"font-size: 25px;\" class=\"qode_iwt_icon_holder q_font_awsome_icon fa-lg  \"><i class=\"qode_icon_font_awesome fa fa-book qode_iwt_icon_element\" style=\"color: #846ba2;\" ><\/i><\/span><\/div><div class=\"icon_text_holder\" style=\"padding-left:58px;\"><div class=\"icon_text_inner\" style=\"\"><h5 class=\"icon_title\" style=\"\">Asesor\u00eda Laboral<\/h5><p style=''>Confecci\u00f3n de n\u00f3minas, seguros sociales, contratos y otros. Creaci\u00f3n de C\u00f3digos de Cuenta de Cotizaci\u00f3n. Tramitaci\u00f3n de altas, bajas y cambios de contrato.<\/p><\/div><\/div><\/div>[vc_separator type=\u00bbtransparent\u00bb up=\u00bb43&#8243; down=\u00bb0&#8243;][\/vc_column_inner][vc_column_inner width=\u00bb1\/3&#8243;]<div class='q_icon_with_title tiny normal_icon '><div class=\"icon_holder q_icon_animation\" style=\" transition-delay: 1100ms; -webkit-transition-delay: 1100ms; -moz-transition-delay: 1100ms; -o-transition-delay: 1100ms;\"><span data-icon-type=\"normal\"   style=\"font-size: 25px;\" class=\"qode_iwt_icon_holder q_font_awsome_icon fa-lg  \"><i class=\"qode_icon_font_awesome fa fa-balance-scale qode_iwt_icon_element\" style=\"color: #846ba2;\" ><\/i><\/span><\/div><div class=\"icon_text_holder\" style=\"padding-left:58px;\"><div class=\"icon_text_inner\" style=\"\"><h5 class=\"icon_title\" style=\"\">Asesor\u00eda Juridica<\/h5><p style=''>Nuestro equipo de abogados te asesorar\u00e1 en aquellas materias que tu empresa requiera.<\/p><\/div><\/div><\/div>[vc_separator type=\u00bbtransparent\u00bb up=\u00bb43&#8243; down=\u00bb0&#8243;][\/vc_column_inner][\/vc_row_inner][vc_row_inner row_type=\u00bbrow\u00bb type=\u00bbfull_width\u00bb text_align=\u00bbleft\u00bb css_animation=\u00bbelement_from_bottom\u00bb transition_delay=\u00bb300&#8243;][vc_column_inner width=\u00bb1\/3&#8243;]<div class='q_icon_with_title tiny normal_icon '><div class=\"icon_holder q_icon_animation\" style=\" transition-delay: 700ms; -webkit-transition-delay: 700ms; -moz-transition-delay: 700ms; -o-transition-delay: 700ms;\"><span data-icon-type=\"normal\"   style=\"font-size: 25px;\" class=\"qode_iwt_icon_holder q_font_awsome_icon fa-lg  \"><i class=\"qode_icon_font_awesome fa fa-question qode_iwt_icon_element\" style=\"color: #846ba2;\" ><\/i><\/span><\/div><div class=\"icon_text_holder\" style=\"padding-left:58px;\"><div class=\"icon_text_inner\" style=\"\"><h5 class=\"icon_title\" style=\"\">Pregunta tus Dudas<\/h5><p style=''>Podr\u00e1s comunicarte con nosotros siempre que lo necesites.<\/p><\/div><\/div><\/div>[vc_separator type=\u00bbtransparent\u00bb up=\u00bb43&#8243; down=\u00bb0&#8243;][\/vc_column_inner][vc_column_inner width=\u00bb1\/3&#8243;]<div class='q_icon_with_title tiny normal_icon '><div class=\"icon_holder q_icon_animation\" style=\" transition-delay: 900ms; -webkit-transition-delay: 900ms; -moz-transition-delay: 900ms; -o-transition-delay: 900ms;\"><span data-icon-type=\"normal\"   style=\"font-size: 25px;\" class=\"qode_iwt_icon_holder q_font_awsome_icon fa-lg  \"><i class=\"qode_icon_font_awesome fa fa-star qode_iwt_icon_element\" style=\"color: #846ba2;\" ><\/i><\/span><\/div><div class=\"icon_text_holder\" style=\"padding-left:58px;\"><div class=\"icon_text_inner\" style=\"\"><h5 class=\"icon_title\" style=\"\">Actualizaci\u00f3n Novedades Normativas<\/h5><p style=''>Estar\u00e1s en conocimiento de cualquier deducci\u00f3n, novedad o ventaja fiscal que pueda beneficiarte.<\/p><\/div><\/div><\/div>[vc_separator type=\u00bbtransparent\u00bb up=\u00bb43&#8243; down=\u00bb0&#8243;][\/vc_column_inner][vc_column_inner width=\u00bb1\/3&#8243;]<div class='q_icon_with_title tiny normal_icon '><div class=\"icon_holder q_icon_animation\" style=\" transition-delay: 1100ms; -webkit-transition-delay: 1100ms; -moz-transition-delay: 1100ms; -o-transition-delay: 1100ms;\"><span data-icon-type=\"normal\"   style=\"font-size: 25px;\" class=\"qode_iwt_icon_holder q_font_awsome_icon fa-lg  \"><i class=\"qode_icon_font_awesome fa fa-compass qode_iwt_icon_element\" style=\"color: #846ba2;\" ><\/i><\/span><\/div><div class=\"icon_text_holder\" style=\"padding-left:58px;\"><div class=\"icon_text_inner\" style=\"\"><h5 class=\"icon_title\" style=\"\">Todo el Territorio<\/h5><p style=''>Nuestro software est\u00e1 homologado por las 5 agencias tributarias. Nuestro modelo de asesor\u00eda te permite ubicarte donde quieras.<\/p><\/div><\/div><\/div>[vc_separator type=\u00bbtransparent\u00bb up=\u00bb43&#8243; down=\u00bb0&#8243;][\/vc_column_inner][vc_column_inner][\/vc_column_inner][\/vc_row_inner][\/vc_column][\/vc_row]<\/p>\n","protected":false},"excerpt":{"rendered":"<p>[vc_row css_animation=\u00bbelement_from_fade\u00bb row_type=\u00bbrow\u00bb use_row_as_full_screen_section=\u00bbno\u00bb type=\u00bbgrid\u00bb angled_section=\u00bbno\u00bb text_align=\u00bbcenter\u00bb background_image_as_pattern=\u00bbwithout_pattern\u00bb background_color=\u00bb#f9f9f9&#8243; padding_top=\u00bb87&#8243; padding_bottom=\u00bb88&#8243; transition_delay=\u00bb150&#8243;][vc_column][vc_column_text] Expertise Asesores quiere que tu empresa tenga todas las obligaciones fiscales, contables, y laborales cubiertas, sin tener que quitarte tiempo y ofreci\u00e9ndote uno de los mejores sofware online de gesti\u00f3n econ\u00f3mica del mercado&#8230;.<\/p>\n","protected":false},"author":1,"featured_media":0,"parent":0,"menu_order":0,"comment_status":"open","ping_status":"open","template":"full_width.php","meta":{"spay_email":""},"_links":{"self":[{"href":"https:\/\/mcexpertiseasesores.com\/index.php\/wp-json\/wp\/v2\/pages\/15366"}],"collection":[{"href":"https:\/\/mcexpertiseasesores.com\/index.php\/wp-json\/wp\/v2\/pages"}],"about":[{"href":"https:\/\/mcexpertiseasesores.com\/index.php\/wp-json\/wp\/v2\/types\/page"}],"author":[{"embeddable":true,"href":"https:\/\/mcexpertiseasesores.com\/index.php\/wp-json\/wp\/v2\/users\/1"}],"replies":[{"embeddable":true,"href":"https:\/\/mcexpertiseasesores.com\/index.php\/wp-json\/wp\/v2\/comments?post=15366"}],"version-history":[{"count":51,"href":"https:\/\/mcexpertiseasesores.com\/index.php\/wp-json\/wp\/v2\/pages\/15366\/revisions"}],"predecessor-version":[{"id":15820,"href":"https:\/\/mcexpertiseasesores.com\/index.php\/wp-json\/wp\/v2\/pages\/15366\/revisions\/15820"}],"wp:attachment":[{"href":"https:\/\/mcexpertiseasesores.com\/index.php\/wp-json\/wp\/v2\/media?parent=15366"}],"curies":[{"name":"wp","href":"https:\/\/api.w.org\/{rel}","templated":true}]}}