{"id":15626,"date":"2019-08-05T14:55:05","date_gmt":"2019-08-05T12:55:05","guid":{"rendered":"https:\/\/mcexpertiseasesores.com\/?page_id=15626"},"modified":"2019-08-05T14:55:05","modified_gmt":"2019-08-05T12:55:05","slug":"aviso-legal","status":"publish","type":"page","link":"https:\/\/mcexpertiseasesores.com\/index.php\/aviso-legal\/","title":{"rendered":"Aviso Legal"},"content":{"rendered":"\r\n<h3>T\u00e9rminos y Condiciones de utilizaci\u00f3n<\/h3>\r\n\r\n\r\n\r\n<p>&nbsp;<\/p>\r\n\r\n\r\n\r\n<p>Las presentes condiciones regulan el uso permitido de mcexpertiseasesores.com El Aviso Legal podr\u00e1 sufrir modificaciones de cualquier tipo, cuando Expertise Asesores lo considere oportuno, estas modificaciones ser\u00e1n v\u00e1lidas desde su publicaci\u00f3n en este Sitio Web, salvo manifestaci\u00f3n en contrario.<\/p>\r\n\r\n<p>El acceso a determinados servicios est\u00e1 supeditado al registro del usuario en las bases de datos de Expertise Asesores. En estos casos, el usuario se compromete a usar sus claves de acceso (nombre de usuario y contrase\u00f1a) de acuerdo con las siguientes restricciones:<\/p>\r\n<p>La contrase\u00f1a, elegida por el usuario, no podr\u00e1 ser contraria a la moral y a las buenas costumbres generalmente aceptadas, ni podr\u00e1 lesionar los derechos al honor y a la propia imagen de terceros, as\u00ed como tampoco infringir en modo alguno los derechos de propiedad industrial e intelectual de terceros.<\/p>\r\n<p>Las claves de acceso son para uso exclusivo del usuario titular de las mismas y su custodia y correcta utilizaci\u00f3n son de su exclusiva responsabilidad.<\/p>\r\n<p>Expertise Asesores se reserva el derecho de denegar el acceso a este Sitio Web a aquellos usuarios que incumplan las presentes Condiciones Generales de Uso.<\/p>\r\n\r\n<p>&nbsp;<\/p>\r\n\r\n<p>&nbsp;<\/p>\r\n\r\n<h3>Contenidos<\/h3>\r\n\r\n<p>&nbsp;<\/p>\r\n\r\n<p>Expertise Asesores se reserva el derecho de modificar en cualquier momento la presentaci\u00f3n, configuraci\u00f3n o localizaci\u00f3n del Sitio Web, as\u00ed como los contenidos y requisitos para acceder a la misma.<\/p>\r\n<p>Se autoriza a la visualizaci\u00f3n, impresi\u00f3n y descarga parcial de los contenidos de la Web s\u00f3lo si son compatibles con los fines de la misma, si se realizan con el \u00fanico \u00e1nimo de obtener informaci\u00f3n de uso privado y personal (Se proh\u00edbe su utilizaci\u00f3n para fines comerciales) y si los contenidos no son modificados ni los gr\u00e1ficos o im\u00e1genes son copiados o distribuidos separadamente del texto que los acompa\u00f1a.<\/p>\r\n<p>Expertise Asesores no garantiza la ausencia de virus u otros elementos que pudieran causar da\u00f1os en los sistemas inform\u00e1ticos, en los documentos electr\u00f3nicos o en los ficheros de usuario de este Sitio Web por lo que no se responsabiliza de los perjuicios que se pudieran producir por estas causas. Expertise Asesores no garantiza, ni se responsabiliza de que el acceso a este Sitio Web sea ininterrumpido o sin alteraciones y en no ser\u00e1 responsable de los perjuicios de cualquier tipo que surjan por el acceso y el uso de este Sitio Web.<\/p>\r\n<p>Expertise Asesores no comparte ni hace suyos los sitios enlazados o de los terceros depositados o transmitidos por el Sitio. Expertise Asesores no controla ni hace propios los servicios, informaci\u00f3n, datos, archivos, productos y cualquier clase de material existente en los sitios enlazados. El usuario, por tanto, debe extremar la prudencia en la valoraci\u00f3n y utilizaci\u00f3n de los servicios, informaci\u00f3n, datos archivos, productos y cualquier clase de material existente en los sitios enlazados. La utilizaci\u00f3n de los dispositivos t\u00e9cnicos de enlace y de las herramientas de b\u00fasqueda, as\u00ed como el acceso y navegaci\u00f3n por sitios enlazados es de responsabilidad personal del usuario desde el momento que decida acceder a dichos sitios.<\/p>\r\n<p>Aunque Expertise Asesores velar\u00e1 por la actualidad y la exactitud de la informaci\u00f3n facilitada sobre subvenciones, ayudas, requisitos y exenciones fiscales u otros contenidos, debe tenerse en cuenta que no puede garantizarse la ausencia de errores en el texto o la informaci\u00f3n que se facilita, por ello \u00fanicamente se consideran aut\u00e9nticos los textos legales de la Uni\u00f3n Europea, del Estado Espa\u00f1ol y las Comunidades Aut\u00f3nomas publicados en las ediciones impresas del Diario Oficial de las Comunidades Europeas, Bolet\u00edn Oficial del Estado y Boletines Oficiales Auton\u00f3micos, respectivamente.<\/p>\r\n\r\n<p>&nbsp;<\/p>\r\n\r\n<h4>Propiedad Intelectual e Industrial<\/h4>\r\n\r\n<p>&nbsp;<\/p>\r\n\r\n<p>Toda la informaci\u00f3n y documentaci\u00f3n contenida en el Sitio, con exclusi\u00f3n de la facilitada por terceros, es propiedad exclusiva de Expertise Asesores, incluy\u00e9ndose t\u00edtulo enunciativo textos, im\u00e1genes, dise\u00f1os, marcas e iconos. Se proh\u00edbe la modificaci\u00f3n, copia, reproducci\u00f3n, descarga, transmisi\u00f3n, distribuci\u00f3n o transformaci\u00f3n de los contenidos del Sitio, si no se tiene la autorizaci\u00f3n del titular de los correspondientes derechos o se encuentra legalmente permitido. El acceso al Sitio Web no supone en ning\u00fan caso adquisici\u00f3n por parte de los usuarios de derecho de propiedad alguno sobre los contenidos que figuran en el mismo. Las referencias a marcas comerciales o marcas registradas o signos distintivos, llevan impl\u00edcitas la prohibici\u00f3n sobre su uso sin el consentimiento de Expertise Asesores.<\/p>\r\n\r\n\r\n\r\n<p>&nbsp;<\/p>\r\n","protected":false},"excerpt":{"rendered":"<p>T\u00e9rminos y Condiciones de utilizaci\u00f3n &nbsp; Las presentes condiciones regulan el uso permitido de mcexpertiseasesores.com El Aviso Legal podr\u00e1 sufrir modificaciones de cualquier tipo, cuando Expertise Asesores lo considere oportuno, estas modificaciones ser\u00e1n v\u00e1lidas desde su publicaci\u00f3n en este Sitio Web, salvo manifestaci\u00f3n en contrario&#8230;.<\/p>\n","protected":false},"author":1,"featured_media":0,"parent":0,"menu_order":0,"comment_status":"closed","ping_status":"open","template":"","meta":{"spay_email":""},"_links":{"self":[{"href":"https:\/\/mcexpertiseasesores.com\/index.php\/wp-json\/wp\/v2\/pages\/15626"}],"collection":[{"href":"https:\/\/mcexpertiseasesores.com\/index.php\/wp-json\/wp\/v2\/pages"}],"about":[{"href":"https:\/\/mcexpertiseasesores.com\/index.php\/wp-json\/wp\/v2\/types\/page"}],"author":[{"embeddable":true,"href":"https:\/\/mcexpertiseasesores.com\/index.php\/wp-json\/wp\/v2\/users\/1"}],"replies":[{"embeddable":true,"href":"https:\/\/mcexpertiseasesores.com\/index.php\/wp-json\/wp\/v2\/comments?post=15626"}],"version-history":[{"count":2,"href":"https:\/\/mcexpertiseasesores.com\/index.php\/wp-json\/wp\/v2\/pages\/15626\/revisions"}],"predecessor-version":[{"id":15816,"href":"https:\/\/mcexpertiseasesores.com\/index.php\/wp-json\/wp\/v2\/pages\/15626\/revisions\/15816"}],"wp:attachment":[{"href":"https:\/\/mcexpertiseasesores.com\/index.php\/wp-json\/wp\/v2\/media?parent=15626"}],"curies":[{"name":"wp","href":"https:\/\/api.w.org\/{rel}","templated":true}]}}