{"id":3,"date":"2019-05-06T20:31:00","date_gmt":"2019-05-06T18:31:00","guid":{"rendered":"https:\/\/mcexpertiseasesores.com\/?page_id=3"},"modified":"2019-08-05T14:49:23","modified_gmt":"2019-08-05T12:49:23","slug":"politica-privacidad","status":"publish","type":"page","link":"https:\/\/mcexpertiseasesores.com\/index.php\/politica-privacidad\/","title":{"rendered":"Pol\u00edtica de privacidad"},"content":{"rendered":"\n<h3>Qui\u00e9nes somos<\/h3>\n\n\n<p><\/p>\n\n\n<p>&nbsp;<\/p>\n\n\n\n<p>La direcci\u00f3n de nuestra web es: https:\/\/mcexpertiseasesores.com.<\/p>\n\n\n<p><\/p>\n\n\n<p>&nbsp;<\/p>\n\n\n<p><\/p>\n\n\n<h3>Qu\u00e9 datos personales recogemos y por qu\u00e9 los recogemos<\/h3>\n\n\n<p><\/p>\n\n\n<p>&nbsp;<\/p>\n\n\n<p><\/p>\n\n\n<h4>Comentarios<\/h4>\n\n\n<p><\/p>\n\n\n<p>&nbsp;<\/p>\n\n\n\n<p>Cuando los visitantes dejan comentarios en la web, recopilamos los datos que se muestran en el formulario de comentarios, as\u00ed como la direcci\u00f3n IP del visitante y la cadena de agentes de usuario del navegador para ayudar a la detecci\u00f3n de spam.<\/p>\n\n\n\n<p>Una cadena an\u00f3nima creada a partir de tu direcci\u00f3n de correo electr\u00f3nico (tambi\u00e9n llamada hash) puede ser proporcionada al servicio de Gravatar para ver si la est\u00e1s usando. La pol\u00edtica de privacidad del servicio Gravatar est\u00e1 disponible aqu\u00ed: https:\/\/automattic.com\/privacy\/. Despu\u00e9s de la aprobaci\u00f3n de tu comentario, la imagen de tu perfil es visible para el p\u00fablico en el contexto de su comentario.<\/p>\n\n\n<p><\/p>\n\n\n<p>&nbsp;<\/p>\n\n\n\n<h4>Medios<\/h4>\n\n\n<p><\/p>\n\n\n<p>&nbsp;<\/p>\n\n\n\n<p>Si subes im\u00e1genes a la web deber\u00edas evitar subir im\u00e1genes con datos de ubicaci\u00f3n (GPS EXIF) incluidos. Los visitantes de la web pueden descargar y extraer cualquier dato de localizaci\u00f3n de las im\u00e1genes de la web.<\/p>\n\n\n\n<p>&nbsp;<\/p>\n\n\n<p><\/p>\n\n\n<h4>Formularios de contacto<\/h4>\n\n\n<p><\/p>\n\n\n<p>&nbsp;<\/p>\n\n\n\n<h4>Cookies<\/h4>\n\n\n<p><\/p>\n\n\n<p>&nbsp;<\/p>\n\n\n\n<p>Si dejas un comentario en nuestro sitio puedes elegir guardar tu nombre, direcci\u00f3n de correo electr\u00f3nico y web en cookies. Esto es para tu comodidad, para que no tengas que volver a rellenar tus datos cuando dejes otro comentario. Estas cookies tendr\u00e1n una duraci\u00f3n de un a\u00f1o.<\/p>\n\n\n\n<p>Si tienes una cuenta y te conectas a este sitio, instalaremos una cookie temporal para determinar si tu navegador acepta cookies. Esta cookie no contiene datos personales y se elimina al cerrar el navegador.<\/p>\n\n\n\n<p>Cuando inicias sesi\u00f3n, tambi\u00e9n instalaremos varias cookies para guardar tu informaci\u00f3n de inicio de sesi\u00f3n y tus opciones de visualizaci\u00f3n de pantalla. Las cookies de inicio de sesi\u00f3n duran dos d\u00edas, y las cookies de opciones de pantalla duran un a\u00f1o. Si seleccionas \u00abRecordarme\u00bb, tu inicio de sesi\u00f3n perdurar\u00e1 durante dos semanas. Si sales de tu cuenta, las cookies de inicio de sesi\u00f3n se eliminar\u00e1n.<\/p>\n\n\n\n<p>Si editas o publicas un art\u00edculo se guardar\u00e1 una cookie adicional en tu navegador. Esta cookie no incluye datos personales y simplemente indica el ID del art\u00edculo que acabas de editar. Caduca despu\u00e9s de 1 d\u00eda.<\/p>\n\n\n<p><\/p>\n\n\n<p>&nbsp;<\/p>\n\n\n\n<h3>Contenido incrustado de otros sitios web<\/h3>\n\n\n<p><\/p>\n\n\n<p>&nbsp;<\/p>\n\n\n\n<p>Los art\u00edculos de este sitio pueden incluir contenido incrustado (por ejemplo, v\u00eddeos, im\u00e1genes, art\u00edculos, etc.). El contenido incrustado de otras web se comporta exactamente de la misma manera que si el visitante hubiera visitado la otra web.<\/p>\n\n\n\n<p>Estas web pueden recopilar datos sobre ti, utilizar cookies, incrustar un seguimiento adicional de terceros, y supervisar tu interacci\u00f3n con ese contenido incrustado, incluido el seguimiento de tu interacci\u00f3n con el contenido incrustado si tienes una cuenta y est\u00e1s conectado a esa web.<\/p>\n\n\n<p><\/p>\n\n\n<p>&nbsp;<\/p>\n\n\n\n<h3>Anal\u00edtica<\/h3>\n\n\n<p><\/p>\n\n\n<p>&nbsp;<\/p>\n\n\n\n<h3>Cu\u00e1nto tiempo conservamos tus datos<\/h3>\n\n\n<p><\/p>\n\n\n<p>&nbsp;<\/p>\n\n\n\n<p>Si dejas un comentario, el comentario y sus metadatos se conservan indefinidamente. Esto es para que podamos reconocer y aprobar comentarios sucesivos autom\u00e1ticamente en lugar de mantenerlos en una cola de moderaci\u00f3n.<\/p>\n\n\n\n<p>De los usuarios que se registran en nuestra web (si los hay), tambi\u00e9n almacenamos la informaci\u00f3n personal que proporcionan en su perfil de usuario. Todos los usuarios pueden ver, editar o eliminar su informaci\u00f3n personal en cualquier momento (excepto que no pueden cambiar su nombre de usuario). Los administradores de la web tambi\u00e9n pueden ver y editar esa informaci\u00f3n.<\/p>\n\n\n<p><\/p>\n\n\n<p>&nbsp;<\/p>\n\n\n\n<h3>Qu\u00e9 derechos tienes sobre tus datos<\/h3>\n\n\n<p><\/p>\n\n\n<p>&nbsp;<\/p>\n\n\n\n<p>Si tienes una cuenta o has dejado comentarios en esta web, puedes solicitar recibir un archivo de exportaci\u00f3n de los datos personales que tenemos sobre ti, incluyendo cualquier dato que nos hayas proporcionado. Tambi\u00e9n puedes solicitar que eliminemos cualquier dato personal que tengamos sobre ti. Esto no incluye ning\u00fan dato que estemos obligados a conservar con fines administrativos, legales o de seguridad.<\/p>\n\n\n<p><\/p>\n\n\n<p>&nbsp;<\/p>\n\n\n\n<h3>D\u00f3nde enviamos tus datos<\/h3>\n\n\n<p><\/p>\n\n\n<p>&nbsp;<\/p>\n\n\n\n<p>Los comentarios de los visitantes puede que los revise un servicio de detecci\u00f3n autom\u00e1tica de spam.<\/p>\n\n\n\n<p>&nbsp;<\/p>\n\n\n<p><\/p>\n\n\n<h3>Tu informaci\u00f3n de contacto<\/h3>\n\n\n<p><\/p>\n\n\n<p>&nbsp;<\/p>\n\n\n\n<p>Su direcci\u00f3n de correo electr\u00f3nico y restantes datos personales ser\u00e1n conservados y utilizados como medio de comunicaci\u00f3n para atender sus solicitudes, as\u00ed como para el env\u00edo de informaci\u00f3n profesional sobre nuestros servicios que pueda resultar de su inter\u00e9s, bien por correo electr\u00f3nico u otros medios de comunicaci\u00f3n tanto electr\u00f3nicos como no electr\u00f3nicos.<\/p>\n<p>En cumplimiento con la Ley Org\u00e1nica 15\/1999, de 13 de diciembre, de Protecci\u00f3n de Datos de Car\u00e1cter Personal, se informa que sus datos son incorporados a un fichero automatizado, titularidad de Expertise Asesores, autorizando expresamente a \u00e9sta el tratamiento de dichos datos.<\/p>\n<p>El titular de los datos autoriza expresamente a Expertise Asesores a ceder sus datos, cuya intervenci\u00f3n sea necesaria para satisfacer las finalidades antes se\u00f1aladas.<\/p>\n<p>Podr\u00e1 ejercitar sus derechos de acceso, rectificaci\u00f3n, oposici\u00f3n y cancelaci\u00f3n mediante comunicaci\u00f3n remitida por cualquier medio a nuestras oficinas de c\/ Jos\u00e9 Arcones Gil 18 1\u00baA CP 28017 Madrid. La solicitud deber\u00e1 contener el nombre y apellidos del afectado, fotocopia del DNI as\u00ed como el contenido de la petici\u00f3n que desee realizar, en su caso.<\/p>\n<p>El portal utiliza cookies de sesi\u00f3n. Este Web utiliza cookies. Los cookies son peque\u00f1os ficheros de datos que se generan en el ordenador del usuario y que nos permiten conocer la siguiente informaci\u00f3n:<\/p>\n<ul>\n<li>La fecha y la hora de la \u00faltima vez que el usuario visit\u00f3 nuestro Web.<\/li>\n<li>Elementos de seguridad que intervienen en el control de acceso a las \u00e1reas restringidas.<\/li>\n<li>El identificador encriptado del usuario en nuestra base de datos.<\/li>\n<li>El login del usuario.<\/li>\n<li>La fecha del servidor y la fecha local del cliente.<\/li>\n<li>Direcci\u00f3n IP del usuario.<\/li>\n<\/ul>\n<p>El Usuario tiene la opci\u00f3n de impedir la generaci\u00f3n de cookies, mediante la selecci\u00f3n de la correspondiente opci\u00f3n en su programa Navegador.<\/p>\n<p>Es posible que los proveedores del portal utilicen otro tipo de cookies. Les recomendamos que consulten los correspondientes avisos legales para determinar su alcance. Expertise Asesores no puede responsabilizarse de la calidad o rapidez del servicio en el caso de que el usuario configure su programa de navegaci\u00f3n para impedir el uso de cookies.<\/p>\n<br\/>\n<h3>Legislaci\u00f3n aplicable y Fuero Jurisdiccional<\/h3>\n<br\/>\n<p>Los t\u00e9rminos y condiciones que rigen este web site, as\u00ed como las relaciones que pudieran derivarse est\u00e1n protegidas y quedan sujetas a la legislaci\u00f3n espa\u00f1ola. Para la resoluci\u00f3n de cualquier tipo de controversia, litigio o discrepancia que pudiera suscitarse entre el usuario y Expertise Asesores, por el uso de este Sitio Web, se acuerda el sometimiento de las mismas a los Juzgados y Tribunales de Madrid, Espa\u00f1a.<\/p>\n<p><em>\u00a9 Expertise Asesores. (Integrado por Diego Corroto y Javier Mancebo) Todos los derechos reservados.<\/em><\/p>\n<br\/>\n<h3>Comunicaciones<\/h3>\n<br\/>\n<p>Rese\u00f1a informativa para aquellos que soliciten informaci\u00f3n a trav\u00e9s de la p\u00e1gina Web.<\/p>\n<p>La informaci\u00f3n que nos facilite ser\u00e1 enviada por correo electr\u00f3nico sin cifrar.<\/p>\n<p>Su direcci\u00f3n de correo electr\u00f3nico y restantes datos personales ser\u00e1n conservados y utilizados para proceder al an\u00e1lisis de la informaci\u00f3n que nos facilita, como medio de comunicaci\u00f3n para atender a su solicitud, as\u00ed como para el env\u00edo de informaci\u00f3n sobre nuestros servicios profesionales por cualquier medio de comunicaci\u00f3n tanto electr\u00f3nico como no electr\u00f3nico.<\/p>\n<p>Sus datos son incorporados a un fichero, titularidad de Expertise Asesores, autorizando expresamente a \u00e9sta el tratamiento de dichos datos, as\u00ed como la cesi\u00f3n de sus datos.<\/p>\n<p>La informaci\u00f3n que nos facilite ser\u00e1 enviada por correo electr\u00f3nico sin cifrar.<\/p>\n<p>Su direcci\u00f3n de correo electr\u00f3nico y restantes datos personales ser\u00e1n conservados y utilizados como medio de comunicaci\u00f3n para atender a su solicitud, como para el env\u00edo de informaci\u00f3n sobre nuestros servicios profesionales por cualquier medio de comunicaci\u00f3n tanto electr\u00f3nico como no electr\u00f3nico.<\/p>\n<p>En cumplimiento con la Ley Org\u00e1nica 15\/1999, de 13 de diciembre, de Protecci\u00f3n de Datos de Car\u00e1cter Personal, se informa que sus datos son incorporados a un fichero automatizado, titularidad de Expertise Asesores, autorizando expresamente a \u00e9sta el tratamiento de dichos datos.<\/p>\n<p>El titular de los datos autoriza expresamente a Expertise Asesores a ceder sus datos, cuya intervenci\u00f3n sea necesaria para satisfacer las finalidades antes se\u00f1aladas.<\/p>\n\n\n\n\n\n\n\n\n\n\n\n<p>&nbsp;<\/p>\n","protected":false},"excerpt":{"rendered":"<p>Qui\u00e9nes somos &nbsp; La direcci\u00f3n de nuestra web es: https:\/\/mcexpertiseasesores.com. &nbsp; Qu\u00e9 datos personales recogemos y por qu\u00e9 los recogemos &nbsp; Comentarios &nbsp; Cuando los visitantes dejan comentarios en la web, recopilamos los datos que se muestran en el formulario de comentarios, as\u00ed como la&#8230;<\/p>\n","protected":false},"author":1,"featured_media":0,"parent":0,"menu_order":0,"comment_status":"closed","ping_status":"open","template":"","meta":{"spay_email":""},"_links":{"self":[{"href":"https:\/\/mcexpertiseasesores.com\/index.php\/wp-json\/wp\/v2\/pages\/3"}],"collection":[{"href":"https:\/\/mcexpertiseasesores.com\/index.php\/wp-json\/wp\/v2\/pages"}],"about":[{"href":"https:\/\/mcexpertiseasesores.com\/index.php\/wp-json\/wp\/v2\/types\/page"}],"author":[{"embeddable":true,"href":"https:\/\/mcexpertiseasesores.com\/index.php\/wp-json\/wp\/v2\/users\/1"}],"replies":[{"embeddable":true,"href":"https:\/\/mcexpertiseasesores.com\/index.php\/wp-json\/wp\/v2\/comments?post=3"}],"version-history":[{"count":9,"href":"https:\/\/mcexpertiseasesores.com\/index.php\/wp-json\/wp\/v2\/pages\/3\/revisions"}],"predecessor-version":[{"id":15625,"href":"https:\/\/mcexpertiseasesores.com\/index.php\/wp-json\/wp\/v2\/pages\/3\/revisions\/15625"}],"wp:attachment":[{"href":"https:\/\/mcexpertiseasesores.com\/index.php\/wp-json\/wp\/v2\/media?parent=3"}],"curies":[{"name":"wp","href":"https:\/\/api.w.org\/{rel}","templated":true}]}}